{"id":14,"date":"2024-08-18T17:37:14","date_gmt":"2024-08-18T17:37:14","guid":{"rendered":"https:\/\/www.edustacja.edu.pl\/?page_id=14"},"modified":"2024-08-18T20:20:57","modified_gmt":"2024-08-18T20:20:57","slug":"misja-firmy","status":"publish","type":"page","link":"https:\/\/www.edustacja.edu.pl\/index.php\/misja-firmy\/","title":{"rendered":"Misja firmy"},"content":{"rendered":"\n<p><strong>EDUSTACJA<\/strong> w ramach prowadzonej dzia\u0142alno\u015bci \u015bwiadczy us\u0142ugi szkoleniowe oraz doradcze. Firma szkoleniowa EDUSTACJA SP. Z O.O. to dynamiczna organizacja, kt\u00f3rej misj\u0105 jest wspieranie rozwoju osobistego i zawodowego klient\u00f3w poprzez wysokiej jako\u015bci szkolenia i warsztaty. Naszym celem jest dostarczanie warto\u015bciowych tre\u015bci edukacyjnych oraz inspiruj\u0105cych do\u015bwiadcze\u0144, kt\u00f3re pomagaj\u0105 naszym uczestnikom osi\u0105gn\u0105\u0107 sukces w r\u00f3\u017cnych dziedzinach \u017cycia.<\/p>\n\n\n\n<p>Opisuj\u0105c nasz\u0105 Sp\u00f3\u0142k\u0119, mo\u017cna podkre\u015bli\u0107 kilka kluczowych element\u00f3w:<\/p>\n\n\n\n\n\n<p><strong>Wysoka jako\u015b\u0107 szkole\u0144:<\/strong> Stawiamy na najwy\u017csz\u0105 jako\u015b\u0107 naszych szkole\u0144, dlatego ka\u017cdy program edukacyjny jest starannie opracowany przez do\u015bwiadczonych specjalist\u00f3w w danej dziedzinie. Dzi\u0119ki temu nasi uczestnicy mog\u0105 by\u0107 pewni, \u017ce otrzymuj\u0105 najbardziej aktualn\u0105 i praktyczn\u0105 wiedz\u0119.<\/p>\n\n\n\n<p><strong>Wszechstronno\u015b\u0107 oferty:<\/strong> Nasza Sp\u00f3\u0142ka oferuje szkolenia z r\u00f3\u017cnych obszar\u00f3w, takich jak zarz\u0105dzanie, komunikacja, umiej\u0119tno\u015bci mi\u0119kkie, rozw\u00f3j osobisty, technologie informatyczne i wiele innych. Dzi\u0119ki temu ka\u017cdy mo\u017ce znale\u017a\u0107 co\u015b odpowiedniego dla siebie, niezale\u017cnie od swoich zainteresowa\u0144 czy bran\u017cy, w kt\u00f3rej dzia\u0142a.<\/p>\n\n\n\n<p><strong>Dostosowanie do potrzeb klienta<\/strong>: Jeste\u015bmy elastyczni i otwarci na potrzeby naszych klient\u00f3w. Mo\u017cemy dostosowa\u0107 nasze szkolenia do konkretnych wymaga\u0144 i oczekiwa\u0144, aby zapewni\u0107 jak najlepsze rezultaty.<\/p>\n\n\n\n<p><strong>Innowacyjno\u015b\u0107 i rozw\u00f3j:<\/strong> \u015awiat ci\u0105gle si\u0119 zmienia, dlatego stale rozwijamy nasze metody nauczania i aktualizujemy nasze programy szkoleniowe, aby by\u0107 na bie\u017c\u0105co z najnowszymi trendami i technologiami.<\/p>\n\n\n\n\n\n<p><strong><u>Cele naszej firmy obejmuj\u0105:<\/u><\/strong><\/p>\n\n\n\n<p>-Zapewnienie warto\u015bciowych i praktycznych szkole\u0144, kt\u00f3re pomagaj\u0105 naszym klientom osi\u0105gn\u0105\u0107 sukces w ich \u017cyciu zawodowym i osobistym.<\/p>\n\n\n\n<p>-Budowanie d\u0142ugoterminowych relacji z naszymi klientami opartych na zaufaniu i profesjonalizmie.<\/p>\n\n\n\n<p>-Sta\u0142e doskonalenie naszych program\u00f3w szkoleniowych i metod nauczania, aby sprosta\u0107 zmieniaj\u0105cym si\u0119 potrzebom naszych uczestnik\u00f3w.<\/p>\n\n\n\n<p>-Poszerzanie naszego zakresu dzia\u0142alno\u015bci i dotarcie do nowych grup odbiorc\u00f3w, zar\u00f3wno lokalnie, jak i globalnie.<\/p>\n\n\n\n<p>-Poprzez realizacj\u0119 tych cel\u00f3w, chcemy by\u0107 postrzegani jako zaufany partner w procesie rozwoju osobistego i zawodowego naszych klient\u00f3w.<\/p>\n","protected":false},"excerpt":{"rendered":"<p>EDUSTACJA w ramach prowadzonej dzia\u0142alno\u015bci \u015bwiadczy us\u0142ugi szkoleniowe oraz doradcze. Firma szkoleniowa EDUSTACJA SP. Z O.O. to dynamiczna organizacja, kt\u00f3rej misj\u0105 jest wspieranie rozwoju osobistego i zawodowego klient\u00f3w poprzez wysokiej jako\u015bci szkolenia i warsztaty. Naszym celem jest dostarczanie warto\u015bciowych tre\u015bci edukacyjnych oraz inspiruj\u0105cych do\u015bwiadcze\u0144, kt\u00f3re pomagaj\u0105 naszym uczestnikom osi\u0105gn\u0105\u0107 sukces w r\u00f3\u017cnych dziedzinach \u017cycia. Opisuj\u0105c nasz\u0105 Sp\u00f3\u0142k\u0119, mo\u017cna podkre\u015bli\u0107 kilka kluczowych element\u00f3w: Wysoka jako\u015b\u0107 szkole\u0144: Stawiamy na najwy\u017csz\u0105 jako\u015b\u0107 naszych szkole\u0144, dlatego ka\u017cdy program edukacyjny jest starannie opracowany przez do\u015bwiadczonych specjalist\u00f3w w danej dziedzinie. Dzi\u0119ki temu nasi uczestnicy mog\u0105 by\u0107 pewni, \u017ce otrzymuj\u0105 najbardziej aktualn\u0105 i praktyczn\u0105 wiedz\u0119. Wszechstronno\u015b\u0107 oferty:<\/p>\n","protected":false},"author":1,"featured_media":0,"parent":0,"menu_order":0,"comment_status":"closed","ping_status":"closed","template":"","meta":{"footnotes":""},"_links":{"self":[{"href":"https:\/\/www.edustacja.edu.pl\/index.php\/wp-json\/wp\/v2\/pages\/14"}],"collection":[{"href":"https:\/\/www.edustacja.edu.pl\/index.php\/wp-json\/wp\/v2\/pages"}],"about":[{"href":"https:\/\/www.edustacja.edu.pl\/index.php\/wp-json\/wp\/v2\/types\/page"}],"author":[{"embeddable":true,"href":"https:\/\/www.edustacja.edu.pl\/index.php\/wp-json\/wp\/v2\/users\/1"}],"replies":[{"embeddable":true,"href":"https:\/\/www.edustacja.edu.pl\/index.php\/wp-json\/wp\/v2\/comments?post=14"}],"version-history":[{"count":5,"href":"https:\/\/www.edustacja.edu.pl\/index.php\/wp-json\/wp\/v2\/pages\/14\/revisions"}],"predecessor-version":[{"id":23,"href":"https:\/\/www.edustacja.edu.pl\/index.php\/wp-json\/wp\/v2\/pages\/14\/revisions\/23"}],"wp:attachment":[{"href":"https:\/\/www.edustacja.edu.pl\/index.php\/wp-json\/wp\/v2\/media?parent=14"}],"curies":[{"name":"wp","href":"https:\/\/api.w.org\/{rel}","templated":true}]}}